{"id":755,"date":"2017-12-15T07:26:01","date_gmt":"2017-12-15T07:26:01","guid":{"rendered":"https:\/\/novira.ee\/muu-meile\/"},"modified":"2025-10-13T12:15:06","modified_gmt":"2025-10-13T12:15:06","slug":"pardodiet-mums","status":"publish","type":"page","link":"https:\/\/novira.ee\/lv\/pardodiet-mums\/","title":{"rendered":"P\u0101rdodiet mums"},"content":{"rendered":"<p><span lang=\"LV\">Papildus projektu finans\u0113\u0161anai Novira nodarbojas ar\u012b ar invest\u0113\u0161anu nekustamo \u012bpa\u0161umu att\u012bst\u012b\u0161anas projektos gan ar \u012bpa\u0161uma ieg\u016b\u0161anu, gan ar dal\u012bbu projektu kapit\u0101l\u0101. M\u0113s esam gatavi apsv\u0113rt vair\u0101kuma un maz\u0101kuma poz\u012bcijas, l\u012bdz 15 miljoniem eiro par ieguld\u012bjumu.<\/span><\/p>\n<p><span lang=\"LV\">Novira konkurences priek\u0161roc\u012bba ir elast\u012bgums, lai apsv\u0113rtu lielus, sare\u017e\u0123\u012btus vai sare\u017e\u0123\u012bt\u0101kas situ\u0101cijas un projektus, kas rodas no uz\u0146\u0113m\u0113jdarb\u012bbas apst\u0101k\u013ciem, situ\u0101cij\u0101m vai korporat\u012bviem notikumiem.<\/span><\/p>\n<div class=\"elementToProof\">Gad\u012bjum\u0101, ja v\u0113laties sa\u0146emt papildu inform\u0101ciju vai jums ir sadarb\u012bbas priek\u0161likumi, l\u016bdzu, sazinieties ar Nikolaju Kri\u017eanovskiju (Nikolay Kryzhanovskiy), Novira izpilddirektoru.<\/div>\n","protected":false},"excerpt":{"rendered":"<p>Papildus projektu finans\u0113\u0161anai Novira nodarbojas ar\u012b ar invest\u0113\u0161anu nekustamo \u012bpa\u0161umu att\u012bst\u012b\u0161anas projektos gan ar \u012bpa\u0161uma ieg\u016b\u0161anu, gan ar dal\u012bbu projektu kapit\u0101l\u0101. M\u0113s esam gatavi apsv\u0113rt vair\u0101kuma un maz\u0101kuma poz\u012bcijas, l\u012bdz 15 miljoniem eiro par ieguld\u012bjumu. Novira konkurences priek\u0161roc\u012bba ir elast\u012bgums, lai apsv\u0113rtu lielus, sare\u017e\u0123\u012btus vai sare\u017e\u0123\u012bt\u0101kas situ\u0101cijas un projektus, kas rodas no uz\u0146\u0113m\u0113jdarb\u012bbas apst\u0101k\u013ciem, situ\u0101cij\u0101m [&hellip;]<\/p>\n","protected":false},"author":1,"featured_media":0,"parent":0,"menu_order":0,"comment_status":"closed","ping_status":"closed","template":"page-main.php","meta":[],"acf":[],"_links":{"self":[{"href":"https:\/\/novira.ee\/lv\/wp-json\/wp\/v2\/pages\/755"}],"collection":[{"href":"https:\/\/novira.ee\/lv\/wp-json\/wp\/v2\/pages"}],"about":[{"href":"https:\/\/novira.ee\/lv\/wp-json\/wp\/v2\/types\/page"}],"author":[{"embeddable":true,"href":"https:\/\/novira.ee\/lv\/wp-json\/wp\/v2\/users\/1"}],"replies":[{"embeddable":true,"href":"https:\/\/novira.ee\/lv\/wp-json\/wp\/v2\/comments?post=755"}],"version-history":[{"count":6,"href":"https:\/\/novira.ee\/lv\/wp-json\/wp\/v2\/pages\/755\/revisions"}],"predecessor-version":[{"id":1835,"href":"https:\/\/novira.ee\/lv\/wp-json\/wp\/v2\/pages\/755\/revisions\/1835"}],"wp:attachment":[{"href":"https:\/\/novira.ee\/lv\/wp-json\/wp\/v2\/media?parent=755"}],"curies":[{"name":"wp","href":"https:\/\/api.w.org\/{rel}","templated":true}]}}