{"id":752,"date":"2017-12-15T07:25:53","date_gmt":"2017-12-15T07:25:53","guid":{"rendered":"https:\/\/novira.ee\/finantseerimine\/"},"modified":"2025-10-13T12:11:24","modified_gmt":"2025-10-13T12:11:24","slug":"finansesana","status":"publish","type":"page","link":"https:\/\/novira.ee\/lv\/finansesana\/","title":{"rendered":"Finans\u0113\u0161ana"},"content":{"rendered":"<p>Novira finans\u0113 biroja un tirdzniec\u012bbas telpu, daudzdz\u012bvok\u013cu \u0113ku un viesn\u012bcu att\u012bst\u012bbas projektus ar m\u0113r\u0137i optimiz\u0113t projektu kapit\u0101la strukt\u016bru. Finans\u0113jam ar\u012b gatavu objektu ieg\u0101di un rekapitaliz\u0101ciju. Pied\u0101v\u0101jam elast\u012bgus mezan\u012bna aizdevumus 1\u201315 miljonu eiro apm\u0113r\u0101, kuru nosac\u012bjumi tiek piem\u0113roti katram projektam atsevi\u0161\u0137i atkar\u012bb\u0101 no to riska l\u012bme\u0146a, apjoma, nodro\u0161in\u0101juma un laika grafika.<\/p>\n<p>Novira priek\u0161roc\u012bba finans\u0113\u0161anas pied\u0101v\u0101jum\u0101 ir sp\u0113ja apsv\u0113rt ar otro k\u0101rtu nodro\u0161in\u0101tus un pak\u0101rtotas poz\u012bcijas dar\u012bjumus. P\u0113d\u0113jos 4 gados esam finans\u0113ju\u0161i vair\u0101kus projektus kop\u0113j\u0101 apm\u0113r\u0101 apt. 92 miljoni eiro. L\u012bdz \u0161im esam \u012bstenoju\u0161i nekustamo \u012bpa\u0161umu att\u012bst\u012b\u0161anas finans\u0113\u0161anu, kapit\u0101la piesaist\u012b\u0161anu projektiem, k\u0101 ar\u012b uz\u0146\u0113mumu finans\u0113\u0161anu un p\u0101r\u0146em\u0161anas dar\u012bjumus.<\/p>\n<p>Ja v\u0113laties papildu inform\u0101ciju, l\u016bdzam sazin\u0101ties ar Nikolajs Kri\u017eanovskijs (Nikolay Krysanovskyi), Novira finans\u0113\u0161anas darb\u012bbas vad\u012bt\u0101ju.<\/p>\n","protected":false},"excerpt":{"rendered":"<p>Novira finans\u0113 biroja un tirdzniec\u012bbas telpu, daudzdz\u012bvok\u013cu \u0113ku un viesn\u012bcu att\u012bst\u012bbas projektus ar m\u0113r\u0137i optimiz\u0113t projektu kapit\u0101la strukt\u016bru. Finans\u0113jam ar\u012b gatavu objektu ieg\u0101di un rekapitaliz\u0101ciju. Pied\u0101v\u0101jam elast\u012bgus mezan\u012bna aizdevumus 1\u201315 miljonu eiro apm\u0113r\u0101, kuru nosac\u012bjumi tiek piem\u0113roti katram projektam atsevi\u0161\u0137i atkar\u012bb\u0101 no to riska l\u012bme\u0146a, apjoma, nodro\u0161in\u0101juma un laika grafika. Novira priek\u0161roc\u012bba finans\u0113\u0161anas pied\u0101v\u0101jum\u0101 ir [&hellip;]<\/p>\n","protected":false},"author":1,"featured_media":0,"parent":0,"menu_order":0,"comment_status":"closed","ping_status":"closed","template":"page-main.php","meta":[],"acf":[],"_links":{"self":[{"href":"https:\/\/novira.ee\/lv\/wp-json\/wp\/v2\/pages\/752"}],"collection":[{"href":"https:\/\/novira.ee\/lv\/wp-json\/wp\/v2\/pages"}],"about":[{"href":"https:\/\/novira.ee\/lv\/wp-json\/wp\/v2\/types\/page"}],"author":[{"embeddable":true,"href":"https:\/\/novira.ee\/lv\/wp-json\/wp\/v2\/users\/1"}],"replies":[{"embeddable":true,"href":"https:\/\/novira.ee\/lv\/wp-json\/wp\/v2\/comments?post=752"}],"version-history":[{"count":5,"href":"https:\/\/novira.ee\/lv\/wp-json\/wp\/v2\/pages\/752\/revisions"}],"predecessor-version":[{"id":1831,"href":"https:\/\/novira.ee\/lv\/wp-json\/wp\/v2\/pages\/752\/revisions\/1831"}],"wp:attachment":[{"href":"https:\/\/novira.ee\/lv\/wp-json\/wp\/v2\/media?parent=752"}],"curies":[{"name":"wp","href":"https:\/\/api.w.org\/{rel}","templated":true}]}}